{"id":1468,"date":"2023-05-21T01:49:46","date_gmt":"2023-05-21T04:49:46","guid":{"rendered":"http:\/\/graficasigma.com.ar\/sys\/?page_id=1468"},"modified":"2026-04-07T16:16:07","modified_gmt":"2026-04-07T19:16:07","slug":"el-vinilo-impreso","status":"publish","type":"page","link":"https:\/\/graficasigma.com.ar\/sys\/el-vinilo-impreso\/","title":{"rendered":"El vinilo impreso"},"content":{"rendered":"\n<h2 class=\"wp-block-heading\"> Versatilidad publicitaria que sorprende<\/h2>\n\n\n\n<p>El vinilo impreso destaca como uno de los productos m\u00e1s vers\u00e1tiles en el mundo de la publicidad, gracias a su amplio rango de aplicaciones. Ya sea para carteler\u00eda, se\u00f1al\u00e9tica, amoblamientos, vidrios y mucho m\u00e1s, este material ofrece resultados impresionantes que superan las expectativas.<\/p>\n\n\n\n<figure class=\"wp-block-gallery has-nested-images columns-default is-cropped wp-block-gallery-1 is-layout-flex wp-block-gallery-is-layout-flex\">\n<figure class=\"wp-block-image size-large\"><a href=\"https:\/\/graficasigma.com.ar\/sys\/wp-content\/uploads\/2023\/05\/image.png\"><img fetchpriority=\"high\" decoding=\"async\" width=\"551\" height=\"380\" data-id=\"1469\" src=\"https:\/\/graficasigma.com.ar\/sys\/wp-content\/uploads\/2023\/05\/image.png\" alt=\"\" class=\"wp-image-1469\" srcset=\"https:\/\/graficasigma.com.ar\/sys\/wp-content\/uploads\/2023\/05\/image.png 551w, https:\/\/graficasigma.com.ar\/sys\/wp-content\/uploads\/2023\/05\/image-300x207.png 300w\" sizes=\"(max-width: 551px) 100vw, 551px\" \/><\/a><\/figure>\n\n\n\n<figure class=\"wp-block-image size-large\"><a href=\"https:\/\/graficasigma.com.ar\/sys\/wp-content\/uploads\/2026\/04\/WhatsApp-Image-2026-04-07-at-14.29.27.jpeg\"><img decoding=\"async\" width=\"768\" height=\"1024\" data-id=\"1635\" src=\"https:\/\/graficasigma.com.ar\/sys\/wp-content\/uploads\/2026\/04\/WhatsApp-Image-2026-04-07-at-14.29.27-768x1024.jpeg\" alt=\"\" class=\"wp-image-1635\" srcset=\"https:\/\/graficasigma.com.ar\/sys\/wp-content\/uploads\/2026\/04\/WhatsApp-Image-2026-04-07-at-14.29.27-768x1024.jpeg 768w, https:\/\/graficasigma.com.ar\/sys\/wp-content\/uploads\/2026\/04\/WhatsApp-Image-2026-04-07-at-14.29.27-225x300.jpeg 225w, https:\/\/graficasigma.com.ar\/sys\/wp-content\/uploads\/2026\/04\/WhatsApp-Image-2026-04-07-at-14.29.27.jpeg 900w\" sizes=\"(max-width: 768px) 100vw, 768px\" \/><\/a><\/figure>\n\n\n\n<figure class=\"wp-block-image size-full is-style-default\"><a href=\"http:\/\/graficasigma.com.ar\/sys\/wp-content\/uploads\/2026\/04\/126211c06011cc5f1e889e9224d8d343.jpg\"><img decoding=\"async\" width=\"736\" height=\"981\" data-id=\"1638\" src=\"http:\/\/graficasigma.com.ar\/sys\/wp-content\/uploads\/2026\/04\/126211c06011cc5f1e889e9224d8d343.jpg\" alt=\"\" class=\"wp-image-1638\" srcset=\"https:\/\/graficasigma.com.ar\/sys\/wp-content\/uploads\/2026\/04\/126211c06011cc5f1e889e9224d8d343.jpg 736w, https:\/\/graficasigma.com.ar\/sys\/wp-content\/uploads\/2026\/04\/126211c06011cc5f1e889e9224d8d343-225x300.jpg 225w\" sizes=\"(max-width: 736px) 100vw, 736px\" \/><\/a><\/figure>\n<\/figure>\n\n\n\n<p>Con su capacidad de adaptarse a diversas superficies y formatos, el vinilo impreso se convierte en la opci\u00f3n ideal para una amplia gama de necesidades publicitarias. Desde carteles llamativos que capturan la atenci\u00f3n del p\u00fablico hasta se\u00f1al\u00e9tica que gu\u00eda de manera efectiva, este producto ofrece infinitas posibilidades creativas.<\/p>\n\n\n\n<div class=\"wp-block-columns is-layout-flex wp-container-core-columns-is-layout-28f84493 wp-block-columns-is-layout-flex\">\n<div class=\"wp-block-column is-layout-flow wp-block-column-is-layout-flow\" style=\"flex-basis:100%\">\n<figure class=\"wp-block-gallery has-nested-images columns-default is-cropped wp-block-gallery-2 is-layout-flex wp-block-gallery-is-layout-flex\">\n<figure class=\"wp-block-image size-full\"><a href=\"http:\/\/graficasigma.com.ar\/sys\/wp-content\/uploads\/2023\/05\/impresion-y-troquelado-de-vinilo-monomerico-barato.jpg\"><img loading=\"lazy\" decoding=\"async\" width=\"550\" height=\"550\" data-id=\"1473\" src=\"http:\/\/graficasigma.com.ar\/sys\/wp-content\/uploads\/2023\/05\/impresion-y-troquelado-de-vinilo-monomerico-barato.jpg\" alt=\"\" class=\"wp-image-1473\" srcset=\"https:\/\/graficasigma.com.ar\/sys\/wp-content\/uploads\/2023\/05\/impresion-y-troquelado-de-vinilo-monomerico-barato.jpg 550w, https:\/\/graficasigma.com.ar\/sys\/wp-content\/uploads\/2023\/05\/impresion-y-troquelado-de-vinilo-monomerico-barato-300x300.jpg 300w, https:\/\/graficasigma.com.ar\/sys\/wp-content\/uploads\/2023\/05\/impresion-y-troquelado-de-vinilo-monomerico-barato-150x150.jpg 150w\" sizes=\"(max-width: 550px) 100vw, 550px\" \/><\/a><\/figure>\n\n\n\n<figure class=\"wp-block-image size-full\"><a href=\"http:\/\/graficasigma.com.ar\/sys\/wp-content\/uploads\/2023\/05\/impresion-vinilos-easy-dot-grafica-intercambiable.jpg\"><img loading=\"lazy\" decoding=\"async\" width=\"900\" height=\"600\" data-id=\"1472\" src=\"http:\/\/graficasigma.com.ar\/sys\/wp-content\/uploads\/2023\/05\/impresion-vinilos-easy-dot-grafica-intercambiable.jpg\" alt=\"\" class=\"wp-image-1472\" srcset=\"https:\/\/graficasigma.com.ar\/sys\/wp-content\/uploads\/2023\/05\/impresion-vinilos-easy-dot-grafica-intercambiable.jpg 900w, https:\/\/graficasigma.com.ar\/sys\/wp-content\/uploads\/2023\/05\/impresion-vinilos-easy-dot-grafica-intercambiable-300x200.jpg 300w, https:\/\/graficasigma.com.ar\/sys\/wp-content\/uploads\/2023\/05\/impresion-vinilos-easy-dot-grafica-intercambiable-768x512.jpg 768w\" sizes=\"(max-width: 900px) 100vw, 900px\" \/><\/a><\/figure>\n\n\n\n<figure class=\"wp-block-image size-full\"><a href=\"http:\/\/graficasigma.com.ar\/sys\/wp-content\/uploads\/2023\/05\/image-2.png\"><img loading=\"lazy\" decoding=\"async\" width=\"800\" height=\"598\" data-id=\"1471\" src=\"http:\/\/graficasigma.com.ar\/sys\/wp-content\/uploads\/2023\/05\/image-2.png\" alt=\"\" class=\"wp-image-1471\" srcset=\"https:\/\/graficasigma.com.ar\/sys\/wp-content\/uploads\/2023\/05\/image-2.png 800w, https:\/\/graficasigma.com.ar\/sys\/wp-content\/uploads\/2023\/05\/image-2-300x224.png 300w, https:\/\/graficasigma.com.ar\/sys\/wp-content\/uploads\/2023\/05\/image-2-768x574.png 768w\" sizes=\"(max-width: 800px) 100vw, 800px\" \/><\/a><\/figure>\n\n\n\n<figure class=\"wp-block-image size-full\"><a href=\"http:\/\/graficasigma.com.ar\/sys\/wp-content\/uploads\/2023\/05\/decoracion-con-vinilos-impresos.jpg\"><img loading=\"lazy\" decoding=\"async\" width=\"800\" height=\"533\" data-id=\"1474\" src=\"http:\/\/graficasigma.com.ar\/sys\/wp-content\/uploads\/2023\/05\/decoracion-con-vinilos-impresos.jpg\" alt=\"\" class=\"wp-image-1474\" srcset=\"https:\/\/graficasigma.com.ar\/sys\/wp-content\/uploads\/2023\/05\/decoracion-con-vinilos-impresos.jpg 800w, https:\/\/graficasigma.com.ar\/sys\/wp-content\/uploads\/2023\/05\/decoracion-con-vinilos-impresos-300x200.jpg 300w, https:\/\/graficasigma.com.ar\/sys\/wp-content\/uploads\/2023\/05\/decoracion-con-vinilos-impresos-768x512.jpg 768w\" sizes=\"(max-width: 800px) 100vw, 800px\" \/><\/a><\/figure>\n\n\n\n<figure class=\"wp-block-image size-full\"><a href=\"http:\/\/graficasigma.com.ar\/sys\/wp-content\/uploads\/2023\/05\/Decoracion-de-pared-con-vinilo.webp\"><img loading=\"lazy\" decoding=\"async\" width=\"1500\" height=\"1125\" data-id=\"1475\" src=\"http:\/\/graficasigma.com.ar\/sys\/wp-content\/uploads\/2023\/05\/Decoracion-de-pared-con-vinilo.webp\" alt=\"\" class=\"wp-image-1475\" srcset=\"https:\/\/graficasigma.com.ar\/sys\/wp-content\/uploads\/2023\/05\/Decoracion-de-pared-con-vinilo.webp 1500w, https:\/\/graficasigma.com.ar\/sys\/wp-content\/uploads\/2023\/05\/Decoracion-de-pared-con-vinilo-300x225.webp 300w, https:\/\/graficasigma.com.ar\/sys\/wp-content\/uploads\/2023\/05\/Decoracion-de-pared-con-vinilo-1024x768.webp 1024w, https:\/\/graficasigma.com.ar\/sys\/wp-content\/uploads\/2023\/05\/Decoracion-de-pared-con-vinilo-768x576.webp 768w\" sizes=\"(max-width: 1500px) 100vw, 1500px\" \/><\/a><\/figure>\n<\/figure>\n<\/div>\n<\/div>\n\n\n\n<p>Una de las ventajas clave del vinilo impreso es su durabilidad y resistencia, lo que garantiza que los trabajos impresos se mantengan en condiciones \u00f3ptimas a lo largo del tiempo. Adem\u00e1s, su f\u00e1cil instalaci\u00f3n y remoci\u00f3n hacen que sea una opci\u00f3n conveniente tanto para proyectos a corto plazo como para instalaciones a largo plazo.<\/p>\n\n\n\n<p>La calidad de impresi\u00f3n que se logra en el vinilo es asombrosa, permitiendo la reproducci\u00f3n precisa de colores vivos y detalles n\u00edtidos. Esto asegura que los dise\u00f1os se destaquen y comuniquen eficazmente el mensaje deseado. Adem\u00e1s, la posibilidad de imprimir en alta resoluci\u00f3n brinda un acabado profesional que agrega valor y sofisticaci\u00f3n a cualquier proyecto.<\/p>\n\n\n\n<p>Otra caracter\u00edstica destacada del vinilo impreso es su capacidad de personalizaci\u00f3n. Desde logotipos y gr\u00e1ficos hasta fotograf\u00edas y textos, este material permite plasmar dise\u00f1os completamente adaptados a las necesidades y gustos de cada cliente. Asimismo, la posibilidad de combinar diferentes acabados, como mate o brillante, agrega versatilidad y opciones de dise\u00f1o adicionales.<\/p>\n\n\n\n<figure class=\"wp-block-gallery has-nested-images columns-default is-cropped wp-block-gallery-3 is-layout-flex wp-block-gallery-is-layout-flex\">\n<figure class=\"wp-block-image size-large\"><a href=\"http:\/\/graficasigma.com.ar\/sys\/wp-content\/uploads\/2023\/05\/Mercado_Senal_08-1200x800-web.webp\"><img loading=\"lazy\" decoding=\"async\" width=\"630\" height=\"420\" data-id=\"1476\" src=\"http:\/\/graficasigma.com.ar\/sys\/wp-content\/uploads\/2023\/05\/Mercado_Senal_08-1200x800-web.webp\" alt=\"\" class=\"wp-image-1476\" srcset=\"https:\/\/graficasigma.com.ar\/sys\/wp-content\/uploads\/2023\/05\/Mercado_Senal_08-1200x800-web.webp 630w, https:\/\/graficasigma.com.ar\/sys\/wp-content\/uploads\/2023\/05\/Mercado_Senal_08-1200x800-web-300x200.webp 300w\" sizes=\"(max-width: 630px) 100vw, 630px\" \/><\/a><\/figure>\n\n\n\n<figure class=\"wp-block-image size-large\"><a href=\"http:\/\/graficasigma.com.ar\/sys\/wp-content\/uploads\/2023\/05\/senaletica-pvc-senaletica-senalizacion-prevencion-covid19-senaletica-distanciamiento-social.jpeg\"><img loading=\"lazy\" decoding=\"async\" width=\"1024\" height=\"768\" data-id=\"1479\" src=\"http:\/\/graficasigma.com.ar\/sys\/wp-content\/uploads\/2023\/05\/senaletica-pvc-senaletica-senalizacion-prevencion-covid19-senaletica-distanciamiento-social-1024x768.jpeg\" alt=\"\" class=\"wp-image-1479\" srcset=\"https:\/\/graficasigma.com.ar\/sys\/wp-content\/uploads\/2023\/05\/senaletica-pvc-senaletica-senalizacion-prevencion-covid19-senaletica-distanciamiento-social-1024x768.jpeg 1024w, https:\/\/graficasigma.com.ar\/sys\/wp-content\/uploads\/2023\/05\/senaletica-pvc-senaletica-senalizacion-prevencion-covid19-senaletica-distanciamiento-social-300x225.jpeg 300w, https:\/\/graficasigma.com.ar\/sys\/wp-content\/uploads\/2023\/05\/senaletica-pvc-senaletica-senalizacion-prevencion-covid19-senaletica-distanciamiento-social-768x576.jpeg 768w, https:\/\/graficasigma.com.ar\/sys\/wp-content\/uploads\/2023\/05\/senaletica-pvc-senaletica-senalizacion-prevencion-covid19-senaletica-distanciamiento-social.jpeg 1080w\" sizes=\"(max-width: 1024px) 100vw, 1024px\" \/><\/a><\/figure>\n\n\n\n<figure class=\"wp-block-image size-large\"><a href=\"http:\/\/graficasigma.com.ar\/sys\/wp-content\/uploads\/2023\/05\/senal-mercado.webp\"><img loading=\"lazy\" decoding=\"async\" width=\"630\" height=\"422\" data-id=\"1478\" src=\"http:\/\/graficasigma.com.ar\/sys\/wp-content\/uploads\/2023\/05\/senal-mercado.webp\" alt=\"\" class=\"wp-image-1478\" srcset=\"https:\/\/graficasigma.com.ar\/sys\/wp-content\/uploads\/2023\/05\/senal-mercado.webp 630w, https:\/\/graficasigma.com.ar\/sys\/wp-content\/uploads\/2023\/05\/senal-mercado-300x201.webp 300w\" sizes=\"(max-width: 630px) 100vw, 630px\" \/><\/a><\/figure>\n\n\n\n<figure class=\"wp-block-image size-large\"><a href=\"http:\/\/graficasigma.com.ar\/sys\/wp-content\/uploads\/2023\/05\/vinilo-para-suelos-senaletica-antideslizante.jpg.webp\"><img loading=\"lazy\" decoding=\"async\" width=\"550\" height=\"550\" data-id=\"1477\" src=\"http:\/\/graficasigma.com.ar\/sys\/wp-content\/uploads\/2023\/05\/vinilo-para-suelos-senaletica-antideslizante.jpg.webp\" alt=\"\" class=\"wp-image-1477\" srcset=\"https:\/\/graficasigma.com.ar\/sys\/wp-content\/uploads\/2023\/05\/vinilo-para-suelos-senaletica-antideslizante.jpg.webp 550w, https:\/\/graficasigma.com.ar\/sys\/wp-content\/uploads\/2023\/05\/vinilo-para-suelos-senaletica-antideslizante.jpg-300x300.webp 300w, https:\/\/graficasigma.com.ar\/sys\/wp-content\/uploads\/2023\/05\/vinilo-para-suelos-senaletica-antideslizante.jpg-150x150.webp 150w\" sizes=\"(max-width: 550px) 100vw, 550px\" \/><\/a><\/figure>\n<\/figure>\n\n\n\n<p>En resumen, el vinilo impreso se posiciona como una soluci\u00f3n publicitaria vers\u00e1til y sorprendente. Su capacidad de adaptaci\u00f3n, durabilidad, calidad de impresi\u00f3n y personalizaci\u00f3n lo convierten en una elecci\u00f3n s\u00f3lida para cualquier proyecto, ya sea para carteler\u00eda impactante, se\u00f1al\u00e9tica informativa o cualquier otro tipo de aplicaci\u00f3n. Con el vinilo impreso, los resultados impresionantes est\u00e1n garantizados.<\/p>\n\n\n\n<figure class=\"wp-block-gallery has-nested-images columns-default is-cropped wp-block-gallery-4 is-layout-flex wp-block-gallery-is-layout-flex\">\n<figure class=\"wp-block-image size-large\"><a href=\"http:\/\/graficasigma.com.ar\/sys\/wp-content\/uploads\/2023\/05\/adhesivos-troquelados-permanentes.jpg\"><img loading=\"lazy\" decoding=\"async\" width=\"458\" height=\"458\" data-id=\"1485\" src=\"http:\/\/graficasigma.com.ar\/sys\/wp-content\/uploads\/2023\/05\/adhesivos-troquelados-permanentes.jpg\" alt=\"\" class=\"wp-image-1485\" srcset=\"https:\/\/graficasigma.com.ar\/sys\/wp-content\/uploads\/2023\/05\/adhesivos-troquelados-permanentes.jpg 458w, https:\/\/graficasigma.com.ar\/sys\/wp-content\/uploads\/2023\/05\/adhesivos-troquelados-permanentes-300x300.jpg 300w, https:\/\/graficasigma.com.ar\/sys\/wp-content\/uploads\/2023\/05\/adhesivos-troquelados-permanentes-150x150.jpg 150w\" sizes=\"(max-width: 458px) 100vw, 458px\" \/><\/a><\/figure>\n\n\n\n<figure class=\"wp-block-image size-large\"><a href=\"http:\/\/graficasigma.com.ar\/sys\/wp-content\/uploads\/2023\/05\/Wrap.jpg\"><img loading=\"lazy\" decoding=\"async\" width=\"750\" height=\"345\" data-id=\"1488\" src=\"http:\/\/graficasigma.com.ar\/sys\/wp-content\/uploads\/2023\/05\/Wrap.jpg\" alt=\"\" class=\"wp-image-1488\" srcset=\"https:\/\/graficasigma.com.ar\/sys\/wp-content\/uploads\/2023\/05\/Wrap.jpg 750w, https:\/\/graficasigma.com.ar\/sys\/wp-content\/uploads\/2023\/05\/Wrap-300x138.jpg 300w\" sizes=\"(max-width: 750px) 100vw, 750px\" \/><\/a><\/figure>\n\n\n\n<figure class=\"wp-block-image size-large\"><a href=\"http:\/\/graficasigma.com.ar\/sys\/wp-content\/uploads\/2023\/05\/vinilo-troquelado.jpg\"><img loading=\"lazy\" decoding=\"async\" width=\"800\" height=\"533\" data-id=\"1486\" src=\"http:\/\/graficasigma.com.ar\/sys\/wp-content\/uploads\/2023\/05\/vinilo-troquelado.jpg\" alt=\"\" class=\"wp-image-1486\" srcset=\"https:\/\/graficasigma.com.ar\/sys\/wp-content\/uploads\/2023\/05\/vinilo-troquelado.jpg 800w, https:\/\/graficasigma.com.ar\/sys\/wp-content\/uploads\/2023\/05\/vinilo-troquelado-300x200.jpg 300w, https:\/\/graficasigma.com.ar\/sys\/wp-content\/uploads\/2023\/05\/vinilo-troquelado-768x512.jpg 768w\" sizes=\"(max-width: 800px) 100vw, 800px\" \/><\/a><\/figure>\n\n\n\n<figure class=\"wp-block-image size-large\"><a href=\"http:\/\/graficasigma.com.ar\/sys\/wp-content\/uploads\/2023\/05\/vinilo-corte-adhesivo-comprar-roll-up-impreso.jpg\"><img loading=\"lazy\" decoding=\"async\" width=\"708\" height=\"472\" data-id=\"1490\" src=\"http:\/\/graficasigma.com.ar\/sys\/wp-content\/uploads\/2023\/05\/vinilo-corte-adhesivo-comprar-roll-up-impreso.jpg\" alt=\"\" class=\"wp-image-1490\" srcset=\"https:\/\/graficasigma.com.ar\/sys\/wp-content\/uploads\/2023\/05\/vinilo-corte-adhesivo-comprar-roll-up-impreso.jpg 708w, https:\/\/graficasigma.com.ar\/sys\/wp-content\/uploads\/2023\/05\/vinilo-corte-adhesivo-comprar-roll-up-impreso-300x200.jpg 300w\" sizes=\"(max-width: 708px) 100vw, 708px\" \/><\/a><\/figure>\n\n\n\n<figure class=\"wp-block-image size-large\"><a href=\"http:\/\/graficasigma.com.ar\/sys\/wp-content\/uploads\/2023\/05\/publicidad-exterior-rotulacion-autobus-integral-vinilo-impreso-morena-2-1.webp\"><img loading=\"lazy\" decoding=\"async\" width=\"1024\" height=\"576\" data-id=\"1489\" src=\"http:\/\/graficasigma.com.ar\/sys\/wp-content\/uploads\/2023\/05\/publicidad-exterior-rotulacion-autobus-integral-vinilo-impreso-morena-2-1.webp\" alt=\"\" class=\"wp-image-1489\" srcset=\"https:\/\/graficasigma.com.ar\/sys\/wp-content\/uploads\/2023\/05\/publicidad-exterior-rotulacion-autobus-integral-vinilo-impreso-morena-2-1.webp 1024w, https:\/\/graficasigma.com.ar\/sys\/wp-content\/uploads\/2023\/05\/publicidad-exterior-rotulacion-autobus-integral-vinilo-impreso-morena-2-1-300x169.webp 300w, https:\/\/graficasigma.com.ar\/sys\/wp-content\/uploads\/2023\/05\/publicidad-exterior-rotulacion-autobus-integral-vinilo-impreso-morena-2-1-768x432.webp 768w\" sizes=\"(max-width: 1024px) 100vw, 1024px\" \/><\/a><\/figure>\n<\/figure>\n\n\n\n<div class=\"wp-block-buttons is-layout-flex wp-block-buttons-is-layout-flex\">\n<div class=\"wp-block-button\"><a class=\"wp-block-button__link wp-element-button\" href=\"https:\/\/wa.me\/543524403489?text=Hola!%2C%20me%20interesa%20saber%20m%C3%A1s%20de%20vinilos%20de%20impresion%E2%9C%8B\" target=\"_blank\" rel=\"noreferrer noopener\">Quiero consultar por WhatsApp<\/a><\/div>\n<\/div>\n","protected":false},"excerpt":{"rendered":"<p>Versatilidad publicitaria que sorprende El vinilo impreso destaca como uno de los productos m\u00e1s vers\u00e1tiles en el mundo de la publicidad, gracias a su amplio rango de aplicaciones. Ya sea para carteler\u00eda, se\u00f1al\u00e9tica, amoblamientos, vidrios y mucho m\u00e1s, este material ofrece resultados impresionantes que superan las expectativas. Con su capacidad de adaptarse a diversas superficies [&hellip;]<\/p>\n","protected":false},"author":2,"featured_media":1473,"parent":0,"menu_order":0,"comment_status":"closed","ping_status":"closed","template":"","meta":{"_monsterinsights_skip_tracking":false,"_monsterinsights_sitenote_active":false,"_monsterinsights_sitenote_note":"","_monsterinsights_sitenote_category":0,"site-sidebar-layout":"default","site-content-layout":"","ast-site-content-layout":"default","site-content-style":"default","site-sidebar-style":"default","ast-global-header-display":"","ast-banner-title-visibility":"","ast-main-header-display":"","ast-hfb-above-header-display":"","ast-hfb-below-header-display":"","ast-hfb-mobile-header-display":"","site-post-title":"","ast-breadcrumbs-content":"","ast-featured-img":"","footer-sml-layout":"","ast-disable-related-posts":"","theme-transparent-header-meta":"","adv-header-id-meta":"","stick-header-meta":"","header-above-stick-meta":"","header-main-stick-meta":"","header-below-stick-meta":"","astra-migrate-meta-layouts":"set","ast-page-background-enabled":"default","ast-page-background-meta":{"desktop":{"background-color":"var(--ast-global-color-4)","background-image":"","background-repeat":"repeat","background-position":"center center","background-size":"auto","background-attachment":"scroll","background-type":"","background-media":"","overlay-type":"","overlay-color":"","overlay-opacity":"","overlay-gradient":""},"tablet":{"background-color":"","background-image":"","background-repeat":"repeat","background-position":"center center","background-size":"auto","background-attachment":"scroll","background-type":"","background-media":"","overlay-type":"","overlay-color":"","overlay-opacity":"","overlay-gradient":""},"mobile":{"background-color":"","background-image":"","background-repeat":"repeat","background-position":"center center","background-size":"auto","background-attachment":"scroll","background-type":"","background-media":"","overlay-type":"","overlay-color":"","overlay-opacity":"","overlay-gradient":""}},"ast-content-background-meta":{"desktop":{"background-color":"var(--ast-global-color-5)","background-image":"","background-repeat":"repeat","background-position":"center center","background-size":"auto","background-attachment":"scroll","background-type":"","background-media":"","overlay-type":"","overlay-color":"","overlay-opacity":"","overlay-gradient":""},"tablet":{"background-color":"var(--ast-global-color-5)","background-image":"","background-repeat":"repeat","background-position":"center center","background-size":"auto","background-attachment":"scroll","background-type":"","background-media":"","overlay-type":"","overlay-color":"","overlay-opacity":"","overlay-gradient":""},"mobile":{"background-color":"var(--ast-global-color-5)","background-image":"","background-repeat":"repeat","background-position":"center center","background-size":"auto","background-attachment":"scroll","background-type":"","background-media":"","overlay-type":"","overlay-color":"","overlay-opacity":"","overlay-gradient":""}},"footnotes":""},"class_list":["post-1468","page","type-page","status-publish","has-post-thumbnail","hentry"],"_links":{"self":[{"href":"https:\/\/graficasigma.com.ar\/sys\/wp-json\/wp\/v2\/pages\/1468","targetHints":{"allow":["GET"]}}],"collection":[{"href":"https:\/\/graficasigma.com.ar\/sys\/wp-json\/wp\/v2\/pages"}],"about":[{"href":"https:\/\/graficasigma.com.ar\/sys\/wp-json\/wp\/v2\/types\/page"}],"author":[{"embeddable":true,"href":"https:\/\/graficasigma.com.ar\/sys\/wp-json\/wp\/v2\/users\/2"}],"replies":[{"embeddable":true,"href":"https:\/\/graficasigma.com.ar\/sys\/wp-json\/wp\/v2\/comments?post=1468"}],"version-history":[{"count":6,"href":"https:\/\/graficasigma.com.ar\/sys\/wp-json\/wp\/v2\/pages\/1468\/revisions"}],"predecessor-version":[{"id":1639,"href":"https:\/\/graficasigma.com.ar\/sys\/wp-json\/wp\/v2\/pages\/1468\/revisions\/1639"}],"wp:featuredmedia":[{"embeddable":true,"href":"https:\/\/graficasigma.com.ar\/sys\/wp-json\/wp\/v2\/media\/1473"}],"wp:attachment":[{"href":"https:\/\/graficasigma.com.ar\/sys\/wp-json\/wp\/v2\/media?parent=1468"}],"curies":[{"name":"wp","href":"https:\/\/api.w.org\/{rel}","templated":true}]}}